{"id":27,"date":"2024-01-08T12:33:35","date_gmt":"2024-01-08T11:33:35","guid":{"rendered":"https:\/\/hacker-professionnel.com\/?page_id=27"},"modified":"2024-01-10T10:53:44","modified_gmt":"2024-01-10T09:53:44","slug":"faq-hacker-professionnel","status":"publish","type":"page","link":"https:\/\/hacker-professionnel.com\/index.php\/faq-hacker-professionnel\/","title":{"rendered":"FAQ"},"content":{"rendered":"<h2>Questions frequemment pos\u00e9es <\/h2>\n<p>\t\t\t\t\t\t\t\t\t\t\t\t\t\t\t<svg viewBox=\"0 0 192 512\" xmlns=\"http:\/\/www.w3.org\/2000\/svg\"><path d=\"M0 384.662V127.338c0-17.818 21.543-26.741 34.142-14.142l128.662 128.662c7.81 7.81 7.81 20.474 0 28.284L34.142 398.804C21.543 411.404 0 402.48 0 384.662z\"><\/path><\/svg><br \/>\n\t\t\t\t\t\t\t\t<svg viewBox=\"0 0 320 512\" xmlns=\"http:\/\/www.w3.org\/2000\/svg\"><path d=\"M288.662 352H31.338c-17.818 0-26.741-21.543-14.142-34.142l128.662-128.662c7.81-7.81 20.474-7.81 28.284 0l128.662 128.662c12.6 12.599 3.676 34.142-14.142 34.142z\"><\/path><\/svg><br \/>\n\t\t\t\t\t\t\t\t\t\t\t\t<a tabindex=\"0\">COMMENT PROCEDER POUR BENEFICER DE VOTRE SERVICE?<\/a><\/p>\n<p><strong>Il suffit de nous contacter soit \u00e0 travers le formulaire ou alors directement \u00e0 l\u2019adresse EMAIL, T\u00e9l\u00e9gram ou WhatsApp.<\/strong><br \/><strong>Bien vouloir nous pr\u00e9ciser l\u2019objet de votre demande et le type de compte que vous souhaitez<\/strong><br \/><strong>faire hacker<\/strong><\/p>\n<p>\t\t\t\t\t\t\t\t\t\t\t\t\t\t\t<svg viewBox=\"0 0 192 512\" xmlns=\"http:\/\/www.w3.org\/2000\/svg\"><path d=\"M0 384.662V127.338c0-17.818 21.543-26.741 34.142-14.142l128.662 128.662c7.81 7.81 7.81 20.474 0 28.284L34.142 398.804C21.543 411.404 0 402.48 0 384.662z\"><\/path><\/svg><br \/>\n\t\t\t\t\t\t\t\t<svg viewBox=\"0 0 320 512\" xmlns=\"http:\/\/www.w3.org\/2000\/svg\"><path d=\"M288.662 352H31.338c-17.818 0-26.741-21.543-14.142-34.142l128.662-128.662c7.81-7.81 20.474-7.81 28.284 0l128.662 128.662c12.6 12.599 3.676 34.142-14.142 34.142z\"><\/path><\/svg><br \/>\n\t\t\t\t\t\t\t\t\t\t\t\t<a tabindex=\"0\">Y&rsquo;A-T-IL UN DANGER EN COURRU PAR LES CLIENTS QUI VOUS CONTACTENT?<\/a><\/p>\n<p><strong>Chers clients, vous ne courrez absolument aucun risque car le service que nous fournissons<\/strong><br \/><strong>est parfaitement anonyme et aussi, nous effectuons directement les op\u00e9rations de hacking,<\/strong><br \/><strong>de cette fa\u00e7on, personne ne peut remonter jusqu\u2019\u00e0 vous car m\u00eame nous n\u2019avons aucune<\/strong><br \/><strong>id\u00e9e de votre identit\u00e9. Soyez confiant et contactez nous pour tous les services de hacking<\/strong><br \/><strong>que vous d\u00e9sirez quel que soit le lieu de r\u00e9sidence.<\/strong><\/p>\n<p>\t\t\t\t\t\t\t\t\t\t\t\t\t\t\t<svg viewBox=\"0 0 192 512\" xmlns=\"http:\/\/www.w3.org\/2000\/svg\"><path d=\"M0 384.662V127.338c0-17.818 21.543-26.741 34.142-14.142l128.662 128.662c7.81 7.81 7.81 20.474 0 28.284L34.142 398.804C21.543 411.404 0 402.48 0 384.662z\"><\/path><\/svg><br \/>\n\t\t\t\t\t\t\t\t<svg viewBox=\"0 0 320 512\" xmlns=\"http:\/\/www.w3.org\/2000\/svg\"><path d=\"M288.662 352H31.338c-17.818 0-26.741-21.543-14.142-34.142l128.662-128.662c7.81-7.81 20.474-7.81 28.284 0l128.662 128.662c12.6 12.599 3.676 34.142-14.142 34.142z\"><\/path><\/svg><br \/>\n\t\t\t\t\t\t\t\t\t\t\t\t<a tabindex=\"0\">QUELS TYPES DE COMPTES POUVEZ-VOUS HACKER?<\/a><\/p>\n<p><strong>Nous piratons absolument tous les types de comptes allant des r\u00e9seaux sociaux (WhatsApp,<\/strong><br \/><strong>Facebook, Messenger, twitter, Instagram, snapchat\u2026), aux comptes professionnels fournis<\/strong><br \/><strong>par les entreprises (dans le cas o\u00f9 vous souhaiterez espionner un coll\u00e8gue et\/ou amant par<\/strong><br \/><strong>exemple). Rien ne nous \u00e9chappe et notre service est 100% fiable.<\/strong><\/p>\n<p>\t\t\t\t\t\t\t\t\t\t\t\t\t\t\t<svg viewBox=\"0 0 192 512\" xmlns=\"http:\/\/www.w3.org\/2000\/svg\"><path d=\"M0 384.662V127.338c0-17.818 21.543-26.741 34.142-14.142l128.662 128.662c7.81 7.81 7.81 20.474 0 28.284L34.142 398.804C21.543 411.404 0 402.48 0 384.662z\"><\/path><\/svg><br \/>\n\t\t\t\t\t\t\t\t<svg viewBox=\"0 0 320 512\" xmlns=\"http:\/\/www.w3.org\/2000\/svg\"><path d=\"M288.662 352H31.338c-17.818 0-26.741-21.543-14.142-34.142l128.662-128.662c7.81-7.81 20.474-7.81 28.284 0l128.662 128.662c12.6 12.599 3.676 34.142-14.142 34.142z\"><\/path><\/svg><br \/>\n\t\t\t\t\t\t\t\t\t\t\t\t<a tabindex=\"0\">CONCERNANT LE PIRATAGE DE BOITE MAIL, QUE FAIRE SI JE NE PEUX PAS ETRE EN POSSESSION DU TELEPHONE DU PROPRITAIRE DE LA BOITE?<\/a><\/p>\n<p><strong>Rien de plus simple! Une fois que nous avons r\u00e9cup\u00e9r\u00e9 le mot de passe, nous ajoutons votre<\/strong><br \/><strong>num\u00e9ro comme associ\u00e9 au compte; vous recevrez d\u00e9sormais un message directement sur<\/strong><br \/><strong>votre portable pour confirmer chacune de vos connexions.<\/strong><\/p>\n<p>\t\t\t\t\t\t\t\t\t\t\t\t\t\t\t<svg viewBox=\"0 0 192 512\" xmlns=\"http:\/\/www.w3.org\/2000\/svg\"><path d=\"M0 384.662V127.338c0-17.818 21.543-26.741 34.142-14.142l128.662 128.662c7.81 7.81 7.81 20.474 0 28.284L34.142 398.804C21.543 411.404 0 402.48 0 384.662z\"><\/path><\/svg><br \/>\n\t\t\t\t\t\t\t\t<svg viewBox=\"0 0 320 512\" xmlns=\"http:\/\/www.w3.org\/2000\/svg\"><path d=\"M288.662 352H31.338c-17.818 0-26.741-21.543-14.142-34.142l128.662-128.662c7.81-7.81 20.474-7.81 28.284 0l128.662 128.662c12.6 12.599 3.676 34.142-14.142 34.142z\"><\/path><\/svg><br \/>\n\t\t\t\t\t\t\t\t\t\t\t\t<a tabindex=\"0\">POURQUOI DEVRAI-JE VOUS FAIRE CONFIANCE?<\/a><\/p>\n<p><strong>Nous sommes une \u00e9quipe de professionnels tous certifi\u00e9s CEH, ce qui est un gage de<\/strong><br \/><strong>comp\u00e9tence et de maitrise des techniques de hacking. De plus, votre satisfaction est notre<\/strong><br \/><strong>seule pr\u00e9occupation, c\u2019est pourquoi nous vous garantissons un service efficace, rapide et<\/strong><br \/><strong>fiable.<\/strong><\/p>\n<p>\t\t\t\t\t\t\t\t\t\t\t\t\t\t\t<svg viewBox=\"0 0 192 512\" xmlns=\"http:\/\/www.w3.org\/2000\/svg\"><path d=\"M0 384.662V127.338c0-17.818 21.543-26.741 34.142-14.142l128.662 128.662c7.81 7.81 7.81 20.474 0 28.284L34.142 398.804C21.543 411.404 0 402.48 0 384.662z\"><\/path><\/svg><br \/>\n\t\t\t\t\t\t\t\t<svg viewBox=\"0 0 320 512\" xmlns=\"http:\/\/www.w3.org\/2000\/svg\"><path d=\"M288.662 352H31.338c-17.818 0-26.741-21.543-14.142-34.142l128.662-128.662c7.81-7.81 20.474-7.81 28.284 0l128.662 128.662c12.6 12.599 3.676 34.142-14.142 34.142z\"><\/path><\/svg><br \/>\n\t\t\t\t\t\t\t\t\t\t\t\t<a tabindex=\"0\">QUELS SONT LES DELAIS?<\/a><\/p>\n<p><strong>Suivant l\u2019objectif \u00e0 atteindre, vous aurez acc\u00e8s aux comptes souhait\u00e9s dans un d\u00e9lai allant<\/strong><br \/><strong>de 24 \u00e0 48 heures au maximum et les acc\u00e8s pourront \u00eatre renouvel\u00e9s dans les m\u00eames d\u00e9lais<\/strong><br \/><strong>en cas de modification des identifiants de connexion aux comptes.<\/strong><\/p>\n<p>\t\t\t\t\t\t\t\t\t\t\t\t\t\t\t<svg viewBox=\"0 0 192 512\" xmlns=\"http:\/\/www.w3.org\/2000\/svg\"><path d=\"M0 384.662V127.338c0-17.818 21.543-26.741 34.142-14.142l128.662 128.662c7.81 7.81 7.81 20.474 0 28.284L34.142 398.804C21.543 411.404 0 402.48 0 384.662z\"><\/path><\/svg><br \/>\n\t\t\t\t\t\t\t\t<svg viewBox=\"0 0 320 512\" xmlns=\"http:\/\/www.w3.org\/2000\/svg\"><path d=\"M288.662 352H31.338c-17.818 0-26.741-21.543-14.142-34.142l128.662-128.662c7.81-7.81 20.474-7.81 28.284 0l128.662 128.662c12.6 12.599 3.676 34.142-14.142 34.142z\"><\/path><\/svg><br \/>\n\t\t\t\t\t\t\t\t\t\t\t\t<a tabindex=\"0\">COMBIEN COUTENT VOS SERVICES?<\/a><\/p>\n<p><strong>Les prix vous seront communiqu\u00e9s en priv\u00e9 et selon les services que vous d\u00e9sirez<\/strong><\/p>\n","protected":false},"excerpt":{"rendered":"<p>Questions frequemment pos\u00e9es COMMENT PROCEDER POUR BENEFICER DE VOTRE SERVICE? Il suffit de nous contacter soit \u00e0 travers le formulaire [&hellip;]<\/p>\n","protected":false},"author":1,"featured_media":42,"parent":0,"menu_order":0,"comment_status":"closed","ping_status":"closed","template":"","meta":{"site-sidebar-layout":"no-sidebar","site-content-layout":"","ast-site-content-layout":"full-width-container","site-content-style":"default","site-sidebar-style":"default","ast-global-header-display":"","ast-banner-title-visibility":"","ast-main-header-display":"","ast-hfb-above-header-display":"","ast-hfb-below-header-display":"","ast-hfb-mobile-header-display":"","site-post-title":"disabled","ast-breadcrumbs-content":"","ast-featured-img":"disabled","footer-sml-layout":"","ast-disable-related-posts":"","theme-transparent-header-meta":"","adv-header-id-meta":"","stick-header-meta":"","header-above-stick-meta":"","header-main-stick-meta":"","header-below-stick-meta":"","astra-migrate-meta-layouts":"default","ast-page-background-enabled":"default","ast-page-background-meta":{"desktop":{"background-color":"var(--ast-global-color-4)","background-image":"","background-repeat":"repeat","background-position":"center center","background-size":"auto","background-attachment":"scroll","background-type":"","background-media":"","overlay-type":"","overlay-color":"","overlay-opacity":"","overlay-gradient":""},"tablet":{"background-color":"","background-image":"","background-repeat":"repeat","background-position":"center center","background-size":"auto","background-attachment":"scroll","background-type":"","background-media":"","overlay-type":"","overlay-color":"","overlay-opacity":"","overlay-gradient":""},"mobile":{"background-color":"","background-image":"","background-repeat":"repeat","background-position":"center center","background-size":"auto","background-attachment":"scroll","background-type":"","background-media":"","overlay-type":"","overlay-color":"","overlay-opacity":"","overlay-gradient":""}},"ast-content-background-meta":{"desktop":{"background-color":"var(--ast-global-color-5)","background-image":"","background-repeat":"repeat","background-position":"center center","background-size":"auto","background-attachment":"scroll","background-type":"","background-media":"","overlay-type":"","overlay-color":"","overlay-opacity":"","overlay-gradient":""},"tablet":{"background-color":"var(--ast-global-color-5)","background-image":"","background-repeat":"repeat","background-position":"center center","background-size":"auto","background-attachment":"scroll","background-type":"","background-media":"","overlay-type":"","overlay-color":"","overlay-opacity":"","overlay-gradient":""},"mobile":{"background-color":"var(--ast-global-color-5)","background-image":"","background-repeat":"repeat","background-position":"center center","background-size":"auto","background-attachment":"scroll","background-type":"","background-media":"","overlay-type":"","overlay-color":"","overlay-opacity":"","overlay-gradient":""}},"footnotes":""},"_links":{"self":[{"href":"https:\/\/hacker-professionnel.com\/index.php\/wp-json\/wp\/v2\/pages\/27"}],"collection":[{"href":"https:\/\/hacker-professionnel.com\/index.php\/wp-json\/wp\/v2\/pages"}],"about":[{"href":"https:\/\/hacker-professionnel.com\/index.php\/wp-json\/wp\/v2\/types\/page"}],"author":[{"embeddable":true,"href":"https:\/\/hacker-professionnel.com\/index.php\/wp-json\/wp\/v2\/users\/1"}],"replies":[{"embeddable":true,"href":"https:\/\/hacker-professionnel.com\/index.php\/wp-json\/wp\/v2\/comments?post=27"}],"version-history":[{"count":31,"href":"https:\/\/hacker-professionnel.com\/index.php\/wp-json\/wp\/v2\/pages\/27\/revisions"}],"predecessor-version":[{"id":91,"href":"https:\/\/hacker-professionnel.com\/index.php\/wp-json\/wp\/v2\/pages\/27\/revisions\/91"}],"wp:featuredmedia":[{"embeddable":true,"href":"https:\/\/hacker-professionnel.com\/index.php\/wp-json\/wp\/v2\/media\/42"}],"wp:attachment":[{"href":"https:\/\/hacker-professionnel.com\/index.php\/wp-json\/wp\/v2\/media?parent=27"}],"curies":[{"name":"wp","href":"https:\/\/api.w.org\/{rel}","templated":true}]}}